{"id":609,"date":"2020-09-03T13:05:04","date_gmt":"2020-09-03T13:05:04","guid":{"rendered":"http:\/\/www.smart4lab.com\/fenice-cs\/?page_id=609"},"modified":"2024-06-28T15:02:12","modified_gmt":"2024-06-28T15:02:12","slug":"privacy","status":"publish","type":"page","link":"https:\/\/www.fenice-cs.com\/?page_id=609","title":{"rendered":"Privacy"},"content":{"rendered":"\n<p><strong>Privacy<\/strong><\/p>\n\n\n\n<p><strong>TITOLARE DEL TRATTAMENTO<\/strong><\/p>\n\n\n\n<p>Il Titolare del trattamento \u00e8 Fenice-cs srl,&nbsp;<strong>con sede legale in via Mapelli 13 a Monza,&nbsp;<\/strong>contattabile anche via e-mail all\u2019indirizzo&nbsp;<a href=\"mailto:info@fenice-cs.com\">info@fenice-cs.com<\/a>.<\/p>\n\n\n\n<p><strong>CONTENUTI DEL SITO<\/strong><\/p>\n\n\n\n<p>Tutte le informazioni ed i dati presenti nel sito, sotto qualsiasi forma (ad es. immagini, testi, video, grafica e relativi codici html), sono creati a scopo di comunicazione ai diversi livelli: istituzionale, di prodotto, di marketing, di promozione e non costituiscono in alcun modo vincolo di natura commerciale o fiduciaria tra Fenice-cs e l\u2019utente visitatore.<\/p>\n\n\n\n<p>Le informazioni ed i dati presenti sul sito sono di propriet\u00e0 esclusiva di Fenice-cs srl e sono protetti da diritti di propriet\u00e0 intellettuale. I contenuti possono essere utilizzati dal visitatore a scopo personale ma non possono essere duplicati e\/o in altro modo utilizzati per finalit\u00e0 commerciali o per scopi differenti dalla comunicazione di Fenice-cs. Nessuno dei contenuti del sito pu\u00f2 essere incluso in comunicazioni, materiali o prodotti\/servizi di altre societ\u00e0 o professionisti senza l\u2019esplicita autorizzazione di Fenice-cs srl.<\/p>\n\n\n\n<p><strong>TIPOLOGIA DI DATI TRATTATI, FINALIT\u00c0 E BASI GIURIDICHE DEL TRATTAMENTO<\/strong><\/p>\n\n\n\n<p><em>DATI DI NAVIGAZIONE<\/em><\/p>\n\n\n\n<p>Fenice-cs, in qualit\u00e0 di Titolare del trattamento<strong>&nbsp;dei dati<\/strong>, raccoglie e tratta i dati provenienti dal sito Web per le seguenti finalit\u00e0:<\/p>\n\n\n\n<ul><li>Funzionamento dei sistemi informatici di gestione del Sito e nell\u2019uso dei protocolli di comunicazione propri di Internet (si tratta, ad esempio, degli indirizzi IP, dei nomi a dominio dei computer degli utenti che si connettono al Sito, orario della richiesta, metodo utilizzato per sottoporre la richiesta al server, della dimensione del file ottenuto in risposta e di altri parametri relativi al sistema operativo ed all\u2019ambiente informatico dell\u2019utente).<\/li><li>Controllo delle performance del Sito al fine di migliorarlo ulteriormente.<\/li><li>Accertamento di eventuali responsabilit\u00e0 in caso di ipotetici reati informatici realizzati a danno del Sito o attraverso lo stesso.<\/li><\/ul>\n\n\n\n<p>Ad eccezione di tali ipotesi, I dati di navigazione degli utenti vengono conservati nei limiti temporali stabiliti dalla vigente normativa o aggregati in forma anonima che non consentano di identificare l\u2019utente.<\/p>\n\n\n\n<ul><li>I dati di navigazione non vengono comunicati o diffusi<\/li><\/ul>\n\n\n\n<p>Per ulteriori informazioni circa i cookies utilizzati nel sito web&nbsp;<a href=\"https:\/\/www.fenice-cs.com\/\">www.fenice-cs.com<\/a>&nbsp;si rimanda all\u2019apposita informativa sui cookie.<\/p>\n\n\n\n<p><em>DATI PERSONALI FORNITI VOLONTARIAMENTE DALL\u2019UTENTE<\/em><\/p>\n\n\n\n<p>Fenice-cs, in qualit\u00e0 di Titolare del trattamento&nbsp;<strong>dei dati<\/strong>, raccoglie e tratta i dati degli utenti&nbsp;<strong>provenienti<\/strong>&nbsp;del sito&nbsp;<strong>Web<\/strong>&nbsp;per le seguenti finalit\u00e0 e basi legali:<\/p>\n\n\n\n<ul><li>Dare agli utenti che&nbsp;<strong>visitano il<\/strong>&nbsp;sito tutte le informazioni necessarie sull\u2019azienda Fenice-cs<\/li><li>Fornire assistenza agli utenti al fine di contattare l\u2019Azienda<\/li><\/ul>\n\n\n\n<p>La tipologia di dati raccolti e trattati potrebbe includere le seguenti categorie:<\/p>\n\n\n\n<ul><li>Nome e cognome<\/li><li>Dati di contatto (e-mail, telefono, etc.)<\/li><\/ul>\n\n\n\n<p>Fatta eccezione per quanto specificamente indicato in relazione ai c.d. dati di navigazione, il conferimento di dati personali da parte dell\u2019utente \u00e8 necessario per permettere:<\/p>\n\n\n\n<ul><li>la risposta a domande<\/li><li>l\u2019invio delle informazioni richieste<\/li><\/ul>\n\n\n\n<p>In tali casi, l\u2019eventuale rifiuto di conferimento dei dati personali non consentir\u00e0 a Fenice-cs di eseguire le attivit\u00e0 sopra indicate.<\/p>\n\n\n\n<p><strong>CONSERVAZIONE DEI DATI RACCOLTI<\/strong><\/p>\n\n\n\n<p>Fenice-cs, in qualit\u00e0 di Titolare del trattamento, conserva nei propri sistemi i dati personali acquisiti in una forma che consenta l\u2019identificazione degli interessati, per un arco di tempo non superiore al conseguimento delle finalit\u00e0 per le quali gli stessi sono trattati e in conformit\u00e0 a quanto previsto dalla vigente normativa in materia. In ogni caso, a meno dei casi previsti dalla legge, i dati saranno conservati per un periodo massimo di 12 mesi.<\/p>\n\n\n\n<p><strong>MODALIT\u00c0 DEL TRATTAMENTO<\/strong><\/p>\n\n\n\n<p>I dati personali raccolti da Fenice-cs sono trattati prevalentemente con strumenti elettronici od automatizzati per il tempo strettamente necessario a conseguire gli scopi per cui sono stati raccolti ed in conformit\u00e0 alle disposizioni vigenti in tema di sicurezza e riservatezza. Inoltre, i sistemi informativi ed i programmi informatici sono configurati riducendo al minimo l\u2019utilizzazione di dati personali e di identificativi non necessari alle specifiche finalit\u00e0 di trattamento perseguite.<\/p>\n\n\n\n<p><strong>TRASFERIMENTO DI DATI ALL\u2019ESTERO<\/strong><\/p>\n\n\n\n<p>Nell\u2019ambito delle finalit\u00e0 descritte nella presente informativa, Fenice-cs non diffonde o trasferisce dati personali raccolti verso Paesi Terzi, ossia verso paesi fuori dai confini dell\u2019Unione Europea.<\/p>\n\n\n\n<p><strong>COMUNICAZIONE DEI DATI<\/strong><\/p>\n\n\n\n<p>I dati personali saranno trattati da Fenice-cs e dal personale interno incaricato dal Titolare del trattamento (ivi compreso il personale preposto al marketing, all\u2019amministrazione, al servizio clienti e alla gestione e manutenzione dei sistemi informativi, nonch\u00e9 della piattaforma informatica del Sito), in relazione alle finalit\u00e0 sopra indicate.<\/p>\n\n\n\n<p>Fermo restando le comunicazioni effettuate in esecuzione di obblighi di legge, per lo svolgimento delle attivit\u00e0 di trattamento descritte nella presente informativa, Fenice-cs effettua comunicazioni a societ\u00e0 o enti esterni:<\/p>\n\n\n\n<ul><li>fornitori di servizi di gestione e manutenzione dei sistemi informativi e del sito web, per il web hosting e la consegna di messaggi elettronici, per la conservazione e l\u2019hosting di archivi di dati informatici di Fenice-cs.<\/li><\/ul>\n\n\n\n<p>Con riferimento all\u2019ambito di diffusione dei dati personali dell\u2019utente, i dati personali raccolti da Fenice-cs non saranno oggetto di diffusione. \u00c8 implicito che ove l\u2019utente decida di utilizzare il Sito per diffondere consapevolmente sulla rete Internet i propri dati personali, tale ipotesi non costituisce diffusione da parte di Fenice-cs.<\/p>\n\n\n\n<p><strong>DIRITTI DEGLI INTERESSATI<\/strong><\/p>\n\n\n\n<p>Informiamo, infine, che, ai sensi della Normativa Privacy e, in particolare, degli artt. 15-22 del Regolamento UE 2016\/679, l\u2019interessato potr\u00e0 esercitare specifici diritti, rivolgendosi al Titolare, tra cui:<\/p>\n\n\n\n<ul><li><em>Diritto di accesso<\/em>: diritto di ottenere dal Titolare la conferma che sia o meno in corso un trattamento di dati personali e in tal caso, di ottenere l\u2019accesso ai dati personali e ad ulteriori informazioni su origine, finalit\u00e0, categoria di dati trattati, destinatari di comunicazione e\/o trasferimento dei dati, etc<\/li><li><em>Diritto di rettifica<\/em>: diritto di ottenere dal Titolare la rettifica dei dati personali inesatti senza ingiustificato ritardo, nonch\u00e9 l\u2019integrazione dei dati personali incompleti, anche fornendo una dichiarazione integrativa<\/li><li><em>Diritto alla cancellazione<\/em>: diritto di ottenere dal Titolare la cancellazione dei dati personali senza ingiustificato ritardo nel caso in cui:<ul><li>i dati personali non sono pi\u00f9 necessari rispetto alle finalit\u00e0 del trattamento<\/li><li>il consenso su cui si basa il trattamento \u00e8 revocato e non sussiste altro fondamento giuridico per il trattamento<\/li><li>i dati personali sono stati trattati illecitamente<\/li><li>i dati personali devono essere cancellati per adempiere un obbligo legale<\/li><\/ul><\/li><li><em>Diritto di opposizione al trattamento<\/em>: diritto di opporsi in qualsiasi momento al trattamento dei dati personali che hanno come base giuridica un interesse legittimo del Titolare.<\/li><li><em>Diritto di revoca<\/em>: l\u2019interessato ha il diritto di revocare il proprio consenso in qualsiasi momento. La revoca del consenso non pregiudica la liceit\u00e0 del trattamento basata sul consenso prima della revoca; prima di esprimere il proprio consenso, l\u2019interessato \u00e8 informato di ci\u00f2. Il consenso \u00e8 revocato con la stessa facilit\u00e0 con cui \u00e8 accordato.<\/li><li><em>Diritto di limitazione di trattamento<\/em>: diritto di ottenere dal Titolare la limitazione del trattamento, nei casi in cui sia contestata l\u2019esattezza dei dati personali (per il periodo necessario al titolare del trattamento per verificare l\u2019esattezza di tali dati personali), se il trattamento \u00e8 illecito e\/o l\u2019interessato si \u00e8 opposto al trattamento.<\/li><li><em>Diritto alla portabilit\u00e0 dei dati<\/em>: diritto di ricevere in un formato strutturato, di uso comune e leggibile da dispositivo automatico i dati personali e di trasmettere tali dati ad altro titolare del trattamento, solo per i casi in cui il trattamento sia basato sul consenso o sul contratto e per i soli dati trattati tramite strumenti elettronici.<\/li><li><em>Diritto di proporre reclamo a un\u2019autorit\u00e0 di controllo<\/em>: fatto salvo ogni altro ricorso amministrativo o giurisdizionale, l\u2019interessato che ritenga che il trattamento che lo riguarda violi la Normativa Privacy ha il diritto di proporre reclamo all\u2019autorit\u00e0 di controllo dello Stato membro in cui risiede o lavora abitualmente, ovvero dello Stato in cui si \u00e8 verificata la presunta violazione.<\/li><\/ul>\n\n\n\n<p>Tali diritti, potranno essere esercitati dall\u2019interessato, in ogni momento, scrivendo al Titolare del trattamento: Fenice-cs srl via Galileo Galilei 32 \u2013 20834&nbsp;<strong>Nova Milanese (MB)<\/strong>, contattabile anche via e-mail all\u2019indirizzo&nbsp;<a href=\"mailto:info@fenice-cs.com\">info@fenice-cs.com<\/a>. A tutela della riservatezza dell\u2019utente, \u00e8 vietato l\u2019inserimento di dati sensibili all\u2019interno delle comunicazioni inviate ai predetti recapiti. Le richieste saranno soddisfatte, in ordine cronologico, il prima possibile.<\/p>\n\n\n\n<p><strong>CAMBIAMENTI ALLA PRESENTE INFORMATIVA<\/strong><\/p>\n\n\n\n<p>La presente informativa potrebbe essere oggetto di modifiche. Eventuali versioni aggiornate saranno pubblicate sul sito di www.fenice-cs.com. nella presente sezione.<\/p>\n\n\n\n<p>Qualora Fenice-cs intendesse trattare i dati personali per finalit\u00e0 diverse da quelle per cui gli stessi sono stati raccolti, prima di ogni ulteriore trattamento, fornir\u00e0 agli interessati informazioni in merito a tali cambiamenti, nonch\u00e9 ogni informazione pertinente.<\/p>\n","protected":false},"excerpt":{"rendered":"<p>Privacy TITOLARE DEL TRATTAMENTO Il Titolare del trattamento \u00e8 Fenice-cs srl,&nbsp;con sede legale in via Mapelli 13 a Monza,&nbsp;contattabile anche via e-mail all\u2019indirizzo&nbsp;info@fenice-cs.com. CONTENUTI DEL SITO&#8230;<\/p>\n","protected":false},"author":1,"featured_media":0,"parent":0,"menu_order":0,"comment_status":"closed","ping_status":"closed","template":"","meta":[],"_links":{"self":[{"href":"https:\/\/www.fenice-cs.com\/index.php?rest_route=\/wp\/v2\/pages\/609"}],"collection":[{"href":"https:\/\/www.fenice-cs.com\/index.php?rest_route=\/wp\/v2\/pages"}],"about":[{"href":"https:\/\/www.fenice-cs.com\/index.php?rest_route=\/wp\/v2\/types\/page"}],"author":[{"embeddable":true,"href":"https:\/\/www.fenice-cs.com\/index.php?rest_route=\/wp\/v2\/users\/1"}],"replies":[{"embeddable":true,"href":"https:\/\/www.fenice-cs.com\/index.php?rest_route=%2Fwp%2Fv2%2Fcomments&post=609"}],"version-history":[{"count":6,"href":"https:\/\/www.fenice-cs.com\/index.php?rest_route=\/wp\/v2\/pages\/609\/revisions"}],"predecessor-version":[{"id":850,"href":"https:\/\/www.fenice-cs.com\/index.php?rest_route=\/wp\/v2\/pages\/609\/revisions\/850"}],"wp:attachment":[{"href":"https:\/\/www.fenice-cs.com\/index.php?rest_route=%2Fwp%2Fv2%2Fmedia&parent=609"}],"curies":[{"name":"wp","href":"https:\/\/api.w.org\/{rel}","templated":true}]}}